
{"id":5,"date":"2012-01-10T19:37:16","date_gmt":"2012-01-10T19:37:16","guid":{"rendered":"http:\/\/www.knihovna.info\/xxxx\/?page_id=5"},"modified":"2021-09-10T06:05:25","modified_gmt":"2021-09-10T06:05:25","slug":"kontakt","status":"publish","type":"page","link":"https:\/\/bruzovice.knihovna.info\/?page_id=5","title":{"rendered":"Kontakt"},"content":{"rendered":"\n<p><strong>Knihovnice<\/strong>:\u00a0Ema Ovesn\u00e1<br><strong>Telefon:<\/strong>\u00a0731 037 569<br><strong>E-mail:<\/strong>\u00a0<a href=\"mailto:knihovna@bruzovice.cz\">knihovna@bruzovice.cz<\/a><br><br><strong>Adresa:\u00a0<\/strong><br>Obecn\u00ed knihovna Bruzovice<br>Bruzovice 214<br>739 36 Bruzovice<\/p>\n\n\n\n<p><strong>Faktura\u010dn\u00ed adresa:<\/strong>\u00a0<br>Obec Bruzovice<br>Bruzovice 214<br>739 36 Bruzovice<\/p>\n\n\n\n<p>I\u010c: 00296546<br>DI\u010c: Nepl\u00e1tce DPH<br><strong>Bankovn\u00ed spojen\u00ed:<\/strong>\u00a0\u010cesk\u00e1 spo\u0159itelna, a.s. Fr\u00fddek-M\u00edstek<br>\u010d. \u00fa.: 1682054309\/0800<br>IBAN: CZ66 0800 0000 0016 8205 4309\u00a0\u00a0<br>id datov\u00e9 schr\u00e1nky: naubmp5\u00a0\u00a0\u00a0<\/p>\n","protected":false},"excerpt":{"rendered":"<p>Knihovnice:\u00a0Ema Ovesn\u00e1Telefon:\u00a0731 037 569E-mail:\u00a0knihovna@bruzovice.cz Adresa:\u00a0Obecn\u00ed knihovna BruzoviceBruzovice 214739 36 Bruzovice Faktura\u010dn\u00ed adresa:\u00a0Obec BruzoviceBruzovice 214739 36 Bruzovice I\u010c: 00296546DI\u010c: Nepl\u00e1tce DPHBankovn\u00ed spojen\u00ed:\u00a0\u010cesk\u00e1 spo\u0159itelna, a.s. Fr\u00fddek-M\u00edstek\u010d. \u00fa.: 1682054309\/0800IBAN: CZ66 0800 0000 0016 8205 4309\u00a0\u00a0id datov\u00e9 schr\u00e1nky: naubmp5\u00a0\u00a0\u00a0<\/p>\n","protected":false},"author":1,"featured_media":0,"parent":0,"menu_order":0,"comment_status":"closed","ping_status":"closed","template":"","meta":{"footnotes":""},"class_list":["post-5","page","type-page","status-publish","hentry"],"_links":{"self":[{"href":"https:\/\/bruzovice.knihovna.info\/index.php?rest_route=\/wp\/v2\/pages\/5","targetHints":{"allow":["GET"]}}],"collection":[{"href":"https:\/\/bruzovice.knihovna.info\/index.php?rest_route=\/wp\/v2\/pages"}],"about":[{"href":"https:\/\/bruzovice.knihovna.info\/index.php?rest_route=\/wp\/v2\/types\/page"}],"author":[{"embeddable":true,"href":"https:\/\/bruzovice.knihovna.info\/index.php?rest_route=\/wp\/v2\/users\/1"}],"replies":[{"embeddable":true,"href":"https:\/\/bruzovice.knihovna.info\/index.php?rest_route=%2Fwp%2Fv2%2Fcomments&post=5"}],"version-history":[{"count":28,"href":"https:\/\/bruzovice.knihovna.info\/index.php?rest_route=\/wp\/v2\/pages\/5\/revisions"}],"predecessor-version":[{"id":218,"href":"https:\/\/bruzovice.knihovna.info\/index.php?rest_route=\/wp\/v2\/pages\/5\/revisions\/218"}],"wp:attachment":[{"href":"https:\/\/bruzovice.knihovna.info\/index.php?rest_route=%2Fwp%2Fv2%2Fmedia&parent=5"}],"curies":[{"name":"wp","href":"https:\/\/api.w.org\/{rel}","templated":true}]}}