
{"id":135,"date":"2014-10-15T09:17:12","date_gmt":"2014-10-15T09:17:12","guid":{"rendered":"http:\/\/bruzovice.knihovna.info\/?page_id=135"},"modified":"2014-11-06T10:21:41","modified_gmt":"2014-11-06T10:21:41","slug":"e-ctecka","status":"publish","type":"page","link":"https:\/\/bruzovice.knihovna.info\/?page_id=135","title":{"rendered":"E-\u010dte\u010dka"},"content":{"rendered":"<p><span style=\"font-family: helvetica;\"><strong>Obecn\u00ed knihovna v\u00a0Bruzovic\u00edch nab\u00edz\u00ed nov\u011b k\u00a0zap\u016fj\u010den\u00ed \u010dte\u010dku e-knih Cybook<\/strong><\/span><\/p>\n<p><span style=\"font-family: helvetica;\">\u010cte\u010dku e-knih si m\u016f\u017ee zap\u016fj\u010dit \u010dten\u00e1\u0159 star\u0161\u00ed 18-ti let po slo\u017een\u00ed vratn\u00e9 kauce 1000,- K\u010d. Doba z\u00e1p\u016fj\u010dky je 14 dn\u00ed. Ve \u010dte\u010dce jsou nainstalov\u00e1ny voln\u011b \u0161i\u0159iteln\u00e9 e-knihy z\u00a0\u010desk\u00e9, anglick\u00e9, n\u011bmeck\u00e9, \u0161pan\u011blsk\u00e9 a italsk\u00e9 klasiky v\u010detn\u011b poh\u00e1dek (p\u0159es 300 knih), ale doma si do n\u00ed m\u016f\u017eete nainstalovat cokoliv. D\u00edky kvalitn\u00edmu podsv\u00edcen\u00ed m\u016f\u017eete se \u010dte\u010dkou \u010d\u00edst i v noci nebo na slunci, \u010dte\u010dka je dotykov\u00e1, s\u00a0mo\u017enost\u00ed p\u0159ipojen\u00ed internetu p\u0159es wifi s\u00ed\u0165. \u010cte\u010dku V\u00e1m v\u00a0knihovn\u011b r\u00e1di p\u0159edvedeme.<\/span><\/p>\n<p>&nbsp;<\/p>\n<p><span style=\"font-family: helvetica;\"><strong>Smlouva o absen\u010dn\u00ed v\u00fdp\u016fj\u010dce \u010dte\u010dky elektronick\u00fdch knih<\/strong><\/span><\/p>\n<p><span style=\"font-family: helvetica;\"><strong>I. Smluvn\u00ed strany<\/strong><\/span><\/p>\n<p><span style=\"font-family: helvetica;\">1.1. Smluvn\u00ed strany<\/span><\/p>\n<p><span style=\"font-family: helvetica;\">Obec \u00a0Bruzovice<\/span><\/p>\n<p><span style=\"font-family: helvetica;\">\u010c.p. 214<\/span><\/p>\n<p><span style=\"font-family: helvetica;\">739 36 Bruzovice<\/span><\/p>\n<p><span style=\"font-family: helvetica;\">(d\u00e1le jen \u201ep\u016fj\u010ditel\u201c)<\/span><\/p>\n<p><span style=\"font-family: helvetica;\">a<\/span><\/p>\n<p><span style=\"font-family: helvetica;\">\u2026\u2026\u2026\u2026\u2026\u2026\u2026\u2026\u2026\u2026\u2026\u2026\u2026\u2026\u2026\u2026\u2026\u2026\u2026\u2026\u2026\u2026\u2026\u2026\u2026\u2026\u2026\u2026 nar. \u2026\u2026\u2026\u2026\u2026\u2026\u2026..<\/span><\/p>\n<p><span style=\"font-family: helvetica;\">bytem \u2026\u2026\u2026\u2026\u2026\u2026\u2026\u2026\u2026\u2026\u2026\u2026\u2026\u2026\u2026\u2026\u2026\u2026\u2026\u2026\u2026\u2026\u2026\u2026\u2026\u2026\u2026\u2026\u2026\u2026\u2026\u2026&#8230;\u2026\u2026,<\/span><\/p>\n<p><span style=\"font-family: helvetica;\">\u010c\u00edslo \u010dten\u00e1\u0159sk\u00e9ho pr\u016fkazu: \u2026\u2026\u2026\u2026\u2026\u2026..<\/span><\/p>\n<p><span style=\"font-family: helvetica;\">(d\u00e1le jen \u201evyp\u016fj\u010ditel\u201c)<\/span><\/p>\n<p><span style=\"font-family: helvetica;\">uzav\u00edraj\u00ed podle ustanoven\u00ed Ob\u010dansk\u00e9ho z\u00e1kon\u00edku v platn\u00e9m zn\u011bn\u00ed tuto smlouvu o v\u00fdp\u016fj\u010dce.<\/span><\/p>\n<p>&nbsp;<\/p>\n<p><span style=\"font-family: helvetica;\"><strong>II. P\u0159edm\u011bt smlouvy<\/strong><\/span><\/p>\n<p><span style=\"font-family: helvetica;\">2.1 P\u016fj\u010ditel t\u00edmto p\u0159ed\u00e1v\u00e1 vyp\u016fj\u010diteli do bezplatn\u00e9ho u\u017e\u00edv\u00e1n\u00ed za podm\u00ednek stanoven\u00fdch v t\u00e9to<\/span><\/p>\n<p><span style=\"font-family: helvetica;\">smlouv\u011b \u010dte\u010dku elektronick\u00fdch knih zna\u010dky Cybbok Oddysey HD Frontlight, p\u0159\u00edr\u016fstkov\u00e9 \u010d\u00edslo \u2026\u2026\u2026\u2026\u2026\u2026\u2026.. (d\u00e1le jen \u201e\u010dte\u010dka\u201c), jej\u00ed\u017e po\u0159izovac\u00ed hodnota je\u2026\u2026\u2026\u2026\u2026\u2026.\u2026 K\u010d.<\/span><\/p>\n<p><span style=\"font-family: helvetica;\">2.2 Vyp\u016fj\u010ditel t\u00edmto stvrzuje p\u0159evzet\u00ed \u010dte\u010dky ve stavu zp\u016fsobil\u00e9m k \u0159\u00e1dn\u00e9mu u\u017e\u00edv\u00e1n\u00ed, co\u017e ov\u011b\u0159il jej\u00edm odzkou\u0161en\u00edm, a zavazuje se ji \u0159\u00e1dn\u011b u\u017e\u00edvat v souladu s p\u0159evzat\u00fdm n\u00e1vodem. Spolu se \u010dte\u010dkou bylo vyp\u016fj\u010diteli p\u0159ed\u00e1no n\u00e1sleduj\u00edc\u00ed p\u0159\u00edslu\u0161enstv\u00ed: USB nab\u00edjec\u00ed kabel, krabice.<\/span><\/p>\n<p>&nbsp;<\/p>\n<p><span style=\"font-family: helvetica;\"><strong>III. Pr\u00e1va a povinnosti p\u016fj\u010ditele<\/strong><\/span><\/p>\n<p><span style=\"font-family: helvetica;\">3.1 P\u016fj\u010ditel m\u00e1 n\u00e1rok na vr\u00e1cen\u00ed \u010dte\u010dky ve sv\u00e9m s\u00eddle, tj. budov\u011b O\u00da, obecn\u00ed knihovny.<\/span><\/p>\n<p><span style=\"font-family: helvetica;\">3.2 P\u016fj\u010ditel m\u016f\u017ee po\u017eadovat vr\u00e1cen\u00ed p\u0159edm\u011btn\u00fdch v\u011bc\u00ed i p\u0159ed skon\u010den\u00edm smluvn\u00ed doby, pokud<\/span><\/p>\n<p><span style=\"font-family: helvetica;\">vyp\u016fj\u010ditel p\u0159edm\u011btn\u00e9 v\u011bci u\u017e\u00edv\u00e1 v rozporu se smluven\u00fdm \u00fa\u010delem a zp\u016fsobem do\u010dasn\u00e9ho u\u017e\u00edv\u00e1n\u00ed.<\/span><\/p>\n<p><span style=\"font-family: helvetica;\"><strong>IV. Pr\u00e1va a povinnosti vyp\u016fj\u010ditele<\/strong><\/span><\/p>\n<p><span style=\"font-family: helvetica;\">4.1 Vyp\u016fj\u010ditel se zavazuje \u010dte\u010dku u\u017e\u00edvat jen k pr\u00e1ci s dokumenty dle p\u0159ilo\u017een\u00e9ho n\u00e1vodu.<\/span><\/p>\n<p><span style=\"font-family: helvetica;\">4.2 Vyp\u016fj\u010ditel je povinen \u010dte\u010dku opatrovat s p\u00e9\u010d\u00ed \u0159\u00e1dn\u00e9ho hospod\u00e1\u0159e a db\u00e1t, s p\u0159ihl\u00e9dnut\u00edm k jej\u00ed povaze, aby na n\u00ed nevznikla \u0161koda. D\u00e1le se zavazuje chr\u00e1nit \u010dte\u010dku p\u0159ed jej\u00ed ztr\u00e1tou a zcizen\u00edm.<\/span><\/p>\n<p><span style=\"font-family: helvetica;\">4.3 Pokud vyp\u016fj\u010ditel \u010dte\u010dku po\u0161kod\u00ed nebo nevr\u00e1t\u00ed p\u0159\u00edslu\u0161enstv\u00ed k p\u0159\u00edstroji, zaplat\u00ed opravu nebo<\/span><\/p>\n<p><span style=\"font-family: helvetica;\">cenu p\u0159\u00edslu\u0161enstv\u00ed. Fyzick\u00e9 po\u0161kozen\u00ed bude \u00fa\u010dtov\u00e1no dle posouzen\u00ed pov\u011b\u0159en\u00e9ho pracovn\u00edka.<\/span><\/p>\n<p><span style=\"font-family: helvetica;\">4.4 Pokud vyp\u016fj\u010ditel po\u0161kod\u00ed \u010dte\u010dku tak, \u017ee nem\u016f\u017ee d\u00e1le slou\u017eit sv\u00e9mu \u00fa\u010delu, nebo ji v\u016fbec nevr\u00e1t\u00ed, zaplat\u00ed jej\u00ed po\u0159izovac\u00ed cenu nebo poskytne adekv\u00e1tn\u00ed n\u00e1hradu stejn\u00e9 cenov\u00e9 hodnoty. 4.5 Vyp\u016fj\u010ditel nen\u00ed opr\u00e1vn\u011bn p\u0159enechat \u010dte\u010dku k u\u017e\u00edv\u00e1n\u00ed jin\u00e9 osob\u011b.<\/span><\/p>\n<p><span style=\"font-family: helvetica;\"><strong>V. Doba trv\u00e1n\u00ed, jistina<\/strong><\/span><\/p>\n<p><span style=\"font-family: helvetica;\">5.1 Tato smlouva se uzav\u00edr\u00e1 na dobu ur\u010ditou, tj. od data podpisu ob\u011bma smluvn\u00edmi stranami do data vr\u00e1cen\u00ed \u010dte\u010dky, resp. do vyrovn\u00e1n\u00ed z\u00e1vazk\u016f vyp\u016fj\u010ditele, kter\u00e9 vznikly zap\u016fj\u010den\u00edm \u010dte\u010dky vyp\u016fj\u010ditelem.<\/span><\/p>\n<p><span style=\"font-family: helvetica;\">5.2 P\u016fj\u010ditel je opr\u00e1vn\u011bn od t\u00e9to smlouvy odstoupit v p\u0159\u00edpad\u011b, \u017ee vyp\u016fj\u010ditel \u010dte\u010dku neu\u017e\u00edv\u00e1 \u0159\u00e1dn\u011b za podm\u00ednek t\u00e9to smlouvy. \u00da\u010dinky odstoupen\u00ed nast\u00e1vaj\u00ed dnem doru\u010den\u00ed p\u00edsemn\u00e9ho odstoupen\u00ed. Vyp\u016fj\u010ditel je na z\u00e1klad\u011b odstoupen\u00ed povinen bez zbyte\u010dn\u00e9ho odkladu p\u016fj\u010diteli \u010dte\u010dku p\u0159edat zp\u011bt ve stavu b\u011b\u017en\u00e9ho opot\u0159eben\u00ed.<\/span><\/p>\n<p><span style=\"font-family: helvetica;\">5.3 Pokud bude vyp\u016fj\u010ditel v prodlen\u00ed s vr\u00e1cen\u00edm \u010dte\u010dky, zavazuje se zaplatit p\u016fj\u010diteli dohodnutou smluvn\u00ed pokutu ve v\u00fd\u0161i 10,- K\u010d za ka\u017ed\u00fd zapo\u010dat\u00fd den prodlen\u00ed, v p\u0159\u00edpad\u011b zasl\u00e1n\u00ed upom\u00ednky i upom\u00ednac\u00ed poplatky. Smluvn\u00ed pokuta je splatn\u00e1 p\u0159i vr\u00e1cen\u00ed \u010dte\u010dky.<\/span><\/p>\n<p><span style=\"font-family: helvetica;\">5.4 Vyp\u016fj\u010ditel se zavazuje p\u0159i p\u0159evzet\u00ed \u010dte\u010dky podle \u201e\u010cl\u00e1nku 2\u201c t\u00e9to smlouvy zaplatit v hotovosti jistinu (kauci) ve v\u00fd\u0161i 1.000,- K\u010d, kter\u00e1 mu bude v\u00a0p\u0159\u00edpad\u011b \u0159\u00e1dn\u00e9ho spln\u011bn\u00ed povinnost\u00ed p\u0159i ukon\u010den\u00ed smlouvy a vr\u00e1cen\u00ed \u010dte\u010dky vyd\u00e1na zp\u011bt. V opa\u010dn\u00e9m p\u0159\u00edpad\u011b bude jistina zapo\u010dtena proti smluvn\u00ed pokut\u011b, p\u0159\u00edpadn\u011b vznikl\u00e9 \u0161kod\u011b z titulu po\u0161kozen\u00ed v\u011bci.<\/span><\/p>\n<p><span style=\"font-family: helvetica;\"><strong>VI. Z\u00e1v\u011bre\u010dn\u00e1 ustanoven\u00ed<\/strong><\/span><\/p>\n<p><span style=\"font-family: helvetica;\">6.1 Pokud v t\u00e9to smlouv\u011b nen\u00ed stanoveno jinak, \u0159\u00edd\u00ed se pr\u00e1vn\u00ed vztahy z n\u00ed vypl\u00fdvaj\u00edc\u00ed p\u0159\u00edslu\u0161n\u00fdmi ustanoven\u00edmi Ob\u010dansk\u00e9ho z\u00e1kon\u00edku v platn\u00e9m zn\u011bn\u00ed.<\/span><\/p>\n<p><span style=\"font-family: helvetica;\">6.2 Smlouva se vyhotovuje ve dvou stejnopisech po jednom pro ob\u011b smluvn\u00ed strany. Smlouvu je mo\u017eno m\u011bnit i dopl\u0148ovat p\u00edsemn\u00fdmi dodatky.<\/span><\/p>\n<p><span style=\"font-family: helvetica;\">6.3 Tato smlouva nab\u00fdv\u00e1 platnosti jej\u00edm podpisem smluvn\u00edmi stranami.<\/span><\/p>\n<p>&nbsp;<\/p>\n<p>&nbsp;<\/p>\n<p><span style=\"font-family: helvetica;\">V Bruzovic\u00edch dne \u2026\u2026\u2026\u2026\u2026\u2026\u2026\u2026\u2026\u2026.<\/span><\/p>\n<p>&nbsp;<\/p>\n<p><span style=\"font-family: helvetica;\">za p\u016fj\u010ditele: \u00a0\u00a0\u00a0\u00a0\u00a0\u00a0\u00a0\u00a0\u00a0\u00a0\u00a0\u00a0\u00a0\u00a0\u00a0\u00a0\u00a0\u00a0\u00a0\u00a0\u00a0\u00a0\u00a0\u00a0\u00a0\u00a0\u00a0\u00a0\u00a0\u00a0\u00a0\u00a0\u00a0\u00a0\u00a0\u00a0\u00a0\u00a0\u00a0\u00a0\u00a0\u00a0\u00a0\u00a0\u00a0\u00a0\u00a0\u00a0\u00a0\u00a0\u00a0\u00a0\u00a0\u00a0\u00a0\u00a0\u00a0\u00a0\u00a0\u00a0\u00a0\u00a0\u00a0\u00a0\u00a0\u00a0\u00a0\u00a0\u00a0\u00a0\u00a0\u00a0\u00a0\u00a0\u00a0\u00a0\u00a0\u00a0\u00a0\u00a0\u00a0\u00a0\u00a0\u00a0\u00a0\u00a0vyp\u016fj\u010ditel:<\/span><\/p>\n<p>&nbsp;<\/p>\n<p>&nbsp;<\/p>\n","protected":false},"excerpt":{"rendered":"<p>Obecn\u00ed knihovna v\u00a0Bruzovic\u00edch nab\u00edz\u00ed nov\u011b k\u00a0zap\u016fj\u010den\u00ed \u010dte\u010dku e-knih Cybook \u010cte\u010dku e-knih si m\u016f\u017ee zap\u016fj\u010dit \u010dten\u00e1\u0159 star\u0161\u00ed 18-ti let po slo\u017een\u00ed vratn\u00e9 kauce 1000,- K\u010d. Doba z\u00e1p\u016fj\u010dky je 14 dn\u00ed. Ve \u010dte\u010dce jsou nainstalov\u00e1ny voln\u011b \u0161i\u0159iteln\u00e9 e-knihy z\u00a0\u010desk\u00e9, anglick\u00e9, n\u011bmeck\u00e9, \u0161pan\u011blsk\u00e9 &hellip; <a href=\"https:\/\/bruzovice.knihovna.info\/?page_id=135\">Cel\u00fd p\u0159\u00edsp\u011bvek <span class=\"meta-nav\">&rarr;<\/span><\/a><\/p>\n","protected":false},"author":1,"featured_media":0,"parent":0,"menu_order":0,"comment_status":"closed","ping_status":"closed","template":"","meta":{"footnotes":""},"class_list":["post-135","page","type-page","status-publish","hentry"],"_links":{"self":[{"href":"https:\/\/bruzovice.knihovna.info\/index.php?rest_route=\/wp\/v2\/pages\/135","targetHints":{"allow":["GET"]}}],"collection":[{"href":"https:\/\/bruzovice.knihovna.info\/index.php?rest_route=\/wp\/v2\/pages"}],"about":[{"href":"https:\/\/bruzovice.knihovna.info\/index.php?rest_route=\/wp\/v2\/types\/page"}],"author":[{"embeddable":true,"href":"https:\/\/bruzovice.knihovna.info\/index.php?rest_route=\/wp\/v2\/users\/1"}],"replies":[{"embeddable":true,"href":"https:\/\/bruzovice.knihovna.info\/index.php?rest_route=%2Fwp%2Fv2%2Fcomments&post=135"}],"version-history":[{"count":5,"href":"https:\/\/bruzovice.knihovna.info\/index.php?rest_route=\/wp\/v2\/pages\/135\/revisions"}],"predecessor-version":[{"id":165,"href":"https:\/\/bruzovice.knihovna.info\/index.php?rest_route=\/wp\/v2\/pages\/135\/revisions\/165"}],"wp:attachment":[{"href":"https:\/\/bruzovice.knihovna.info\/index.php?rest_route=%2Fwp%2Fv2%2Fmedia&parent=135"}],"curies":[{"name":"wp","href":"https:\/\/api.w.org\/{rel}","templated":true}]}}