
{"id":12,"date":"2012-01-10T19:48:07","date_gmt":"2012-01-10T19:48:07","guid":{"rendered":"http:\/\/bruzovice.knihovna.info\/?page_id=12"},"modified":"2014-11-06T10:17:58","modified_gmt":"2014-11-06T10:17:58","slug":"cenik","status":"publish","type":"page","link":"https:\/\/bruzovice.knihovna.info\/?page_id=12","title":{"rendered":"Cen\u00edk"},"content":{"rendered":"<h1><span style=\"font-size: 14px; color: #000000; font-family: helvetica;\"><strong>Registra\u010dn\u00ed poplatek na rok:<\/strong><\/span><\/h1>\n<p><span style=\"font-size: 14px; color: #000000; font-family: helvetica;\">d\u011bti do 15ti let &#8230;&#8230;&#8230;&#8230;&#8230;&#8230;&#8230;&#8230;&#8230;&#8230;&#8230;&#8230;&#8230;&#8230; 20,-<\/span><\/p>\n<p><span style=\"font-size: 14px; color: #000000; font-family: helvetica;\">dosp\u011bl\u00ed &#8230;&#8230;&#8230;&#8230;&#8230;&#8230;&#8230;&#8230;&#8230;&#8230;&#8230;&#8230;&#8230;&#8230;&#8230;&#8230;&#8230; 40,-<\/span><\/p>\n<p><span style=\"font-size: 14px; color: #000000; font-family: helvetica;\">p\u016fj\u010dovn\u00e9 e-\u010dte\u010dky (z\u00e1loha) na 14 dn\u00ed&#8230;&#8230;&#8230;1000,-<\/span><\/p>\n<p>&nbsp;<\/p>\n<p>&nbsp;<\/p>\n<p>&nbsp;<\/p>\n<p>&nbsp;<\/p>\n<p>&nbsp;<\/p>\n<p>&nbsp;<\/p>\n<p>&nbsp;<\/p>\n<p>&nbsp;<\/p>\n<p>&nbsp;<\/p>\n<p>&nbsp;<\/p>\n<p>&nbsp;<\/p>\n<p>&nbsp;<\/p>\n<p>&nbsp;<\/p>\n<p>&nbsp;<\/p>\n<p>&nbsp;<\/p>\n<p>&nbsp;<\/p>\n<p>&nbsp;<\/p>\n<p>&nbsp;<\/p>\n<p>&nbsp;<\/p>\n<p>&nbsp;<\/p>\n<p>&nbsp;<\/p>\n","protected":false},"excerpt":{"rendered":"<p>Registra\u010dn\u00ed poplatek na rok: d\u011bti do 15ti let &#8230;&#8230;&#8230;&#8230;&#8230;&#8230;&#8230;&#8230;&#8230;&#8230;&#8230;&#8230;&#8230;&#8230; 20,- dosp\u011bl\u00ed &#8230;&#8230;&#8230;&#8230;&#8230;&#8230;&#8230;&#8230;&#8230;&#8230;&#8230;&#8230;&#8230;&#8230;&#8230;&#8230;&#8230; 40,- p\u016fj\u010dovn\u00e9 e-\u010dte\u010dky (z\u00e1loha) na 14 dn\u00ed&#8230;&#8230;&#8230;1000,- &nbsp; &nbsp; &nbsp; &nbsp; &nbsp; &nbsp; &nbsp; &nbsp; &nbsp; &nbsp; &nbsp; &nbsp; &nbsp; &nbsp; &nbsp; &nbsp; &nbsp; &nbsp; &nbsp; &nbsp; &nbsp;<\/p>\n","protected":false},"author":1,"featured_media":0,"parent":0,"menu_order":0,"comment_status":"closed","ping_status":"closed","template":"","meta":{"footnotes":""},"class_list":["post-12","page","type-page","status-publish","hentry"],"_links":{"self":[{"href":"https:\/\/bruzovice.knihovna.info\/index.php?rest_route=\/wp\/v2\/pages\/12","targetHints":{"allow":["GET"]}}],"collection":[{"href":"https:\/\/bruzovice.knihovna.info\/index.php?rest_route=\/wp\/v2\/pages"}],"about":[{"href":"https:\/\/bruzovice.knihovna.info\/index.php?rest_route=\/wp\/v2\/types\/page"}],"author":[{"embeddable":true,"href":"https:\/\/bruzovice.knihovna.info\/index.php?rest_route=\/wp\/v2\/users\/1"}],"replies":[{"embeddable":true,"href":"https:\/\/bruzovice.knihovna.info\/index.php?rest_route=%2Fwp%2Fv2%2Fcomments&post=12"}],"version-history":[{"count":13,"href":"https:\/\/bruzovice.knihovna.info\/index.php?rest_route=\/wp\/v2\/pages\/12\/revisions"}],"predecessor-version":[{"id":163,"href":"https:\/\/bruzovice.knihovna.info\/index.php?rest_route=\/wp\/v2\/pages\/12\/revisions\/163"}],"wp:attachment":[{"href":"https:\/\/bruzovice.knihovna.info\/index.php?rest_route=%2Fwp%2Fv2%2Fmedia&parent=12"}],"curies":[{"name":"wp","href":"https:\/\/api.w.org\/{rel}","templated":true}]}}