
{"id":112,"date":"2014-02-10T07:04:34","date_gmt":"2014-02-10T07:04:34","guid":{"rendered":"http:\/\/bruzovice.knihovna.info\/?page_id=112"},"modified":"2018-08-27T10:50:55","modified_gmt":"2018-08-27T10:50:55","slug":"vase-ctenarske-konto","status":"publish","type":"page","link":"https:\/\/bruzovice.knihovna.info\/?page_id=112","title":{"rendered":"Va\u0161e \u010dten\u00e1\u0159sk\u00e9 konto"},"content":{"rendered":"<p>M\u016f\u017eete tak\u00e9 nahl\u00e9dnout do sv\u00e9ho&nbsp;<strong><span style=\"text-decoration: underline;\"><a href=\"https:\/\/fmi.tritius.cz\/library\/bruzovice\">\u010dten\u00e1\u0159sk\u00e9ho konta<\/a><\/span><\/strong>, na kter\u00e9m si m\u016f\u017eete&nbsp;nap\u0159\u00edklad&nbsp;prodlou\u017eit v\u00fdp\u016fj\u010dku nebo zarezervovat knihu. Jak se p\u0159ihl\u00e1sit na sv\u00e9 \u010dten\u00e1\u0159sk\u00e9 konto: U 12-ti m\u00edstn\u00e9ho \u010d\u00edsla na pr\u016fkazce je pro pot\u0159ebu p\u0159ihl\u00e1\u0161en\u00ed nutno pou\u017e\u00edt posledn\u00ed dv\u011b \u010d\u00edsla. K tomuto \u010d\u00edslu p\u0159ipo\u010dtete 550 000 a vznikne nov\u00e9 6-ti m\u00edstn\u00e9 \u010d\u00edslo, kter\u00e9 bude slou\u017eit pro p\u0159ihl\u00e1\u0161en\u00ed do syst\u00e9mu. K ov\u011b\u0159en\u00ed a potvrzen\u00ed p\u0159\u00edstupu pou\u017eijete jako PIN datum narozen\u00ed ve form\u00e1tu rok, m\u011bs\u00edc, den.<\/p>\n<p>P\u0159\u00edklad: 12-ti m\u00edstn\u00e9 \u010d\u00edslo pr\u016fkazky: &nbsp; &nbsp; &nbsp; &nbsp; &nbsp; &nbsp;420567000022<\/p>\n<p><strong>Nov\u00e9 6-ti m\u00edstn\u00e9 \u010d\u00edslo pr\u016fkazky:<\/strong> &nbsp; &nbsp; 550000 + 22 = 550022<\/p>\n<p>PIN: datum narozen\u00ed (RRMMDD): &nbsp;930201<\/p>\n<p><span style=\"text-decoration: underline;\"><strong><a href=\"https:\/\/fmi.tritius.cz\/library\/bruzovice\">Vstup do \u010dten\u00e1\u0159sk\u00e9ho konta<\/a><\/strong><\/span><\/p>\n","protected":false},"excerpt":{"rendered":"<p>M\u016f\u017eete tak\u00e9 nahl\u00e9dnout do sv\u00e9ho&nbsp;\u010dten\u00e1\u0159sk\u00e9ho konta, na kter\u00e9m si m\u016f\u017eete&nbsp;nap\u0159\u00edklad&nbsp;prodlou\u017eit v\u00fdp\u016fj\u010dku nebo zarezervovat knihu. Jak se p\u0159ihl\u00e1sit na sv\u00e9 \u010dten\u00e1\u0159sk\u00e9 konto: U 12-ti m\u00edstn\u00e9ho \u010d\u00edsla na pr\u016fkazce je pro pot\u0159ebu p\u0159ihl\u00e1\u0161en\u00ed nutno pou\u017e\u00edt posledn\u00ed dv\u011b \u010d\u00edsla. K tomuto \u010d\u00edslu p\u0159ipo\u010dtete &hellip; <a href=\"https:\/\/bruzovice.knihovna.info\/?page_id=112\">Cel\u00fd p\u0159\u00edsp\u011bvek <span class=\"meta-nav\">&rarr;<\/span><\/a><\/p>\n","protected":false},"author":1,"featured_media":0,"parent":0,"menu_order":0,"comment_status":"closed","ping_status":"closed","template":"","meta":{"footnotes":""},"class_list":["post-112","page","type-page","status-publish","hentry"],"_links":{"self":[{"href":"https:\/\/bruzovice.knihovna.info\/index.php?rest_route=\/wp\/v2\/pages\/112","targetHints":{"allow":["GET"]}}],"collection":[{"href":"https:\/\/bruzovice.knihovna.info\/index.php?rest_route=\/wp\/v2\/pages"}],"about":[{"href":"https:\/\/bruzovice.knihovna.info\/index.php?rest_route=\/wp\/v2\/types\/page"}],"author":[{"embeddable":true,"href":"https:\/\/bruzovice.knihovna.info\/index.php?rest_route=\/wp\/v2\/users\/1"}],"replies":[{"embeddable":true,"href":"https:\/\/bruzovice.knihovna.info\/index.php?rest_route=%2Fwp%2Fv2%2Fcomments&post=112"}],"version-history":[{"count":4,"href":"https:\/\/bruzovice.knihovna.info\/index.php?rest_route=\/wp\/v2\/pages\/112\/revisions"}],"predecessor-version":[{"id":193,"href":"https:\/\/bruzovice.knihovna.info\/index.php?rest_route=\/wp\/v2\/pages\/112\/revisions\/193"}],"wp:attachment":[{"href":"https:\/\/bruzovice.knihovna.info\/index.php?rest_route=%2Fwp%2Fv2%2Fmedia&parent=112"}],"curies":[{"name":"wp","href":"https:\/\/api.w.org\/{rel}","templated":true}]}}